{"id":9,"date":"2019-02-24T06:36:39","date_gmt":"2019-02-24T09:36:39","guid":{"rendered":"http:\/\/www.consultafacilthe.com.br\/site\/?page_id=9"},"modified":"2019-02-24T06:36:39","modified_gmt":"2019-02-24T09:36:39","slug":"seja-um-parceiro","status":"publish","type":"page","link":"https:\/\/www.consultafacilthe.com.br\/site\/seja-um-parceiro\/","title":{"rendered":"Seja um parceiro"},"content":{"rendered":"\n<p>\n\n\u00c9 um profissional ou cl\u00ednica e deseja entrar pro time de parceiros da Consulta F\u00e1cil? Preencha o formul\u00e1rio abaixo que em breve algu\u00e9m da nossa equipe entrar\u00e1 em contato com voc\u00ea.\n\n<\/p>\n","protected":false},"excerpt":{"rendered":"<p>\u00c9 um profissional ou cl\u00ednica e deseja entrar pro time de parceiros da Consulta F\u00e1cil? Preencha o formul\u00e1rio abaixo que em breve algu\u00e9m da nossa equipe entrar\u00e1 em contato com voc\u00ea.<\/p>\n","protected":false},"author":1,"featured_media":0,"parent":0,"menu_order":0,"comment_status":"closed","ping_status":"closed","template":"","meta":[],"acf":[],"_links":{"self":[{"href":"https:\/\/www.consultafacilthe.com.br\/site\/wp-json\/wp\/v2\/pages\/9"}],"collection":[{"href":"https:\/\/www.consultafacilthe.com.br\/site\/wp-json\/wp\/v2\/pages"}],"about":[{"href":"https:\/\/www.consultafacilthe.com.br\/site\/wp-json\/wp\/v2\/types\/page"}],"author":[{"embeddable":true,"href":"https:\/\/www.consultafacilthe.com.br\/site\/wp-json\/wp\/v2\/users\/1"}],"replies":[{"embeddable":true,"href":"https:\/\/www.consultafacilthe.com.br\/site\/wp-json\/wp\/v2\/comments?post=9"}],"version-history":[{"count":1,"href":"https:\/\/www.consultafacilthe.com.br\/site\/wp-json\/wp\/v2\/pages\/9\/revisions"}],"predecessor-version":[{"id":10,"href":"https:\/\/www.consultafacilthe.com.br\/site\/wp-json\/wp\/v2\/pages\/9\/revisions\/10"}],"wp:attachment":[{"href":"https:\/\/www.consultafacilthe.com.br\/site\/wp-json\/wp\/v2\/media?parent=9"}],"curies":[{"name":"wp","href":"https:\/\/api.w.org\/{rel}","templated":true}]}}