{"id":6,"date":"2019-02-24T06:36:08","date_gmt":"2019-02-24T09:36:08","guid":{"rendered":"http:\/\/www.consultafacilthe.com.br\/site\/?page_id=6"},"modified":"2019-02-28T12:06:21","modified_gmt":"2019-02-28T15:06:21","slug":"sobre","status":"publish","type":"page","link":"https:\/\/www.consultafacilthe.com.br\/site\/sobre\/","title":{"rendered":"Quem Somos"},"content":{"rendered":"\n<p>Chegou a facilidade na Sa\u00fade que voc\u00ea tanto sonha, chegou CONSULTA F\u00c1CIL! Somos uma empresa com experi\u00eancia em assist\u00eancia que pensa na Sa\u00fade como um pilar fundamental na vida de uma fam\u00edlia , sa\u00fade de qualidade com profissionais qualificados em v\u00e1rias especialidades m\u00e9dicas, consultas , exames diversos , procedimentos, cirurgias, odontologia, psicologia , fisioterapia , fonoaudiologia ! S\u00e3o mais de 30 especialidades e 1500 procedimentos!  Com a dificuldade de acesso ao SUS na atualidade , e os altos pre\u00e7os dos planos de sa\u00fade , o CONSULTA F\u00c1CIL veio pra suprir essa lacuna e tornar-se seu maior parceiro e Porto Seguro no que tange a sa\u00fade! <\/p>\n\n\n\n<p>N\u00e3o somos plano de sa\u00fade; n\u00f3s conseguimos com uma extensa rede de cl\u00ednicas e profissionais de refer\u00eancia os melhores pre\u00e7os que caibam no seu bolso , sem mensalidades e acompanhamos o processo de forma a assegurar o melhor atendimento! <\/p>\n\n\n\n<p>Venha adquirir sua carteira inteiramente <br> gr\u00e1tis e descubra outras facilidades e vantagens! Cadastre-se no site e pague apenas quando for usar, voc\u00ea e sua fam\u00edlia!<br> Aguardamos voc\u00eas para construirmos essa hist\u00f3ria juntos!<\/p>\n\n\n\n<h2>                             Miss\u00e3o<\/h2>\n\n\n\n<p><br>    Compromisso em facilitar o acesso \u00e0 sa\u00fade de qualidade, com respeito, excel\u00eancia e facilidade a todos, sem distin\u00e7\u00e3o. Com parceiros \u00e9ticos e comprometidos com a sa\u00fade e bem- estar de todas as pessoas. Com um or\u00e7amento que cabe no seu bolso.<\/p>\n\n\n\n<h2>                            Valores<\/h2>\n\n\n\n<ul><li>Respeito e responsabilidade <\/li><li>\u00c9tica e seriedade <\/li><li>Dedica\u00e7\u00e3o<\/li><li>Transpar\u00eancia <\/li><li>Preocupa\u00e7\u00e3o Social<\/li><\/ul>\n","protected":false},"excerpt":{"rendered":"<p>Chegou a facilidade na Sa\u00fade que voc\u00ea tanto sonha, chegou CONSULTA F\u00c1CIL! Somos uma empresa com experi\u00eancia em assist\u00eancia que pensa na Sa\u00fade como um pilar fundamental na vida de uma fam\u00edlia , sa\u00fade de qualidade com profissionais qualificados em v\u00e1rias especialidades m\u00e9dicas, consultas , exames diversos , procedimentos, cirurgias, odontologia, psicologia , fisioterapia , [&hellip;]<\/p>\n","protected":false},"author":1,"featured_media":0,"parent":0,"menu_order":0,"comment_status":"closed","ping_status":"closed","template":"","meta":[],"acf":[],"_links":{"self":[{"href":"https:\/\/www.consultafacilthe.com.br\/site\/wp-json\/wp\/v2\/pages\/6"}],"collection":[{"href":"https:\/\/www.consultafacilthe.com.br\/site\/wp-json\/wp\/v2\/pages"}],"about":[{"href":"https:\/\/www.consultafacilthe.com.br\/site\/wp-json\/wp\/v2\/types\/page"}],"author":[{"embeddable":true,"href":"https:\/\/www.consultafacilthe.com.br\/site\/wp-json\/wp\/v2\/users\/1"}],"replies":[{"embeddable":true,"href":"https:\/\/www.consultafacilthe.com.br\/site\/wp-json\/wp\/v2\/comments?post=6"}],"version-history":[{"count":7,"href":"https:\/\/www.consultafacilthe.com.br\/site\/wp-json\/wp\/v2\/pages\/6\/revisions"}],"predecessor-version":[{"id":78,"href":"https:\/\/www.consultafacilthe.com.br\/site\/wp-json\/wp\/v2\/pages\/6\/revisions\/78"}],"wp:attachment":[{"href":"https:\/\/www.consultafacilthe.com.br\/site\/wp-json\/wp\/v2\/media?parent=6"}],"curies":[{"name":"wp","href":"https:\/\/api.w.org\/{rel}","templated":true}]}}