{"id":25,"date":"2019-02-24T09:05:24","date_gmt":"2019-02-24T12:05:24","guid":{"rendered":"http:\/\/www.consultafacilthe.com.br\/site\/?page_id=25"},"modified":"2019-02-24T11:25:34","modified_gmt":"2019-02-24T14:25:34","slug":"cadastre-se","status":"publish","type":"page","link":"https:\/\/www.consultafacilthe.com.br\/site\/cadastre-se\/","title":{"rendered":"Cadastre-se"},"content":{"rendered":"\n<p>Preencha o formul\u00e1rio abaixo e realize seu pr\u00e9-cadastro em nosso sistema. Ap\u00f3s, basta dirigir-se a uma unidade para confirmar os dados e receber sua carteira! <\/p>\n","protected":false},"excerpt":{"rendered":"<p>Preencha o formul\u00e1rio abaixo e realize seu pr\u00e9-cadastro em nosso sistema. Ap\u00f3s, basta dirigir-se a uma unidade para confirmar os dados e receber sua carteira!<\/p>\n","protected":false},"author":1,"featured_media":0,"parent":0,"menu_order":0,"comment_status":"closed","ping_status":"closed","template":"","meta":[],"acf":[],"_links":{"self":[{"href":"https:\/\/www.consultafacilthe.com.br\/site\/wp-json\/wp\/v2\/pages\/25"}],"collection":[{"href":"https:\/\/www.consultafacilthe.com.br\/site\/wp-json\/wp\/v2\/pages"}],"about":[{"href":"https:\/\/www.consultafacilthe.com.br\/site\/wp-json\/wp\/v2\/types\/page"}],"author":[{"embeddable":true,"href":"https:\/\/www.consultafacilthe.com.br\/site\/wp-json\/wp\/v2\/users\/1"}],"replies":[{"embeddable":true,"href":"https:\/\/www.consultafacilthe.com.br\/site\/wp-json\/wp\/v2\/comments?post=25"}],"version-history":[{"count":2,"href":"https:\/\/www.consultafacilthe.com.br\/site\/wp-json\/wp\/v2\/pages\/25\/revisions"}],"predecessor-version":[{"id":28,"href":"https:\/\/www.consultafacilthe.com.br\/site\/wp-json\/wp\/v2\/pages\/25\/revisions\/28"}],"wp:attachment":[{"href":"https:\/\/www.consultafacilthe.com.br\/site\/wp-json\/wp\/v2\/media?parent=25"}],"curies":[{"name":"wp","href":"https:\/\/api.w.org\/{rel}","templated":true}]}}