{"id":13,"date":"2019-02-24T06:37:39","date_gmt":"2019-02-24T09:37:39","guid":{"rendered":"http:\/\/www.consultafacilthe.com.br\/site\/?page_id=13"},"modified":"2019-03-01T20:06:20","modified_gmt":"2019-03-01T23:06:20","slug":"consultas","status":"publish","type":"page","link":"https:\/\/www.consultafacilthe.com.br\/site\/consultas\/","title":{"rendered":"Consultas"},"content":{"rendered":"\n<p>Possu\u00edmos parceiros nas mais diversas especialidades prontos para atender voc\u00ea! Confira abaixo quais s\u00e3o elas: <\/p>\n\n\n\n<hr class=\"wp-block-separator\"\/>\n\n\n\n<div class=\"wp-block-columns has-3-columns\">\n<div class=\"wp-block-column\">\n<h3 style=\"text-align:center\">A<\/h3>\n\n\n\n<ul><li>Acupunturista<\/li><li>Alergista e imunologista<\/li><li>Anatomopatologista<\/li><li>Anestesiologista<\/li><li>Angiologista<\/li><\/ul>\n<\/div>\n\n\n\n<div class=\"wp-block-column\">\n<h3 style=\"text-align:center\">C<\/h3>\n\n\n\n<ul><li>Cancerologista cir\u00fargico<\/li><li>Cardiologista<\/li><li>Cirurgi\u00e3o cardiovascular<\/li><li>Cirurgi\u00e3o geral<\/li><li>Cirurgi\u00e3o pedi\u00e1trico<\/li><li>Cirurgi\u00e3o pl\u00e1stico<\/li><li>Cirurgi\u00e3o vascular<\/li><li>Cl\u00ednica m\u00e9dica<\/li><li>Coloproctologista <\/li><li>Cirurgi\u00e3o tor\u00e1cico<\/li><li>Cirurgi\u00e3o do aparelho digestivo<\/li><li>Cirurgi\u00e3o de cabe\u00e7a e pesco\u00e7o<\/li><li>Cirurgia Bucomaxilofacial<\/li><\/ul>\n<\/div>\n\n\n\n<div class=\"wp-block-column\">\n<h3 style=\"text-align:center\">D<\/h3>\n\n\n\n<ul><li>Dermatologista <\/li><\/ul>\n<\/div>\n<\/div>\n\n\n\n<div class=\"wp-block-columns has-3-columns\">\n<div class=\"wp-block-column\">\n<h3 style=\"text-align:center\">E<\/h3>\n\n\n\n<ul><li>Endocrinologista e metabologista<\/li><li>Endoscopista <\/li><\/ul>\n<\/div>\n\n\n\n<div class=\"wp-block-column\">\n<h3 style=\"text-align:center\">F<\/h3>\n\n\n\n<ul><li>Fisioterapia<\/li><li>Fonoaudiologia<\/li><\/ul>\n\n\n\n<p><\/p>\n<\/div>\n\n\n\n<div class=\"wp-block-column\">\n<h3 style=\"text-align:center\">G<\/h3>\n\n\n\n<ul><li>Gastroenterologista<\/li><li>Ginecologista e obstetra <\/li><\/ul>\n<\/div>\n<\/div>\n\n\n\n<div class=\"wp-block-columns has-3-columns\">\n<div class=\"wp-block-column\">\n<h3 style=\"text-align:center\">H<\/h3>\n\n\n\n<ul><li>Hematologista<\/li><li>Hemoterapeuta<\/li><li>Homeopata <\/li><\/ul>\n<\/div>\n\n\n\n<div class=\"wp-block-column\">\n<h3 style=\"text-align:center\">I<\/h3>\n\n\n\n<ul><li>Infectologista <\/li><\/ul>\n<\/div>\n\n\n\n<div class=\"wp-block-column\">\n<h3 style=\"text-align:center\">M<\/h3>\n\n\n\n<ul><li>Mastologista <\/li><\/ul>\n<\/div>\n<\/div>\n\n\n\n<div class=\"wp-block-columns has-3-columns\">\n<div class=\"wp-block-column\">\n<h3 style=\"text-align:center\">N<\/h3>\n\n\n\n<ul><li>Nefrologista<\/li><li>Neurocirurgi\u00e3o<\/li><li>Neurologista<\/li><li> Nutri\u00e7\u00e3o<\/li><\/ul>\n<\/div>\n\n\n\n<div class=\"wp-block-column\">\n<h3 style=\"text-align:center\">O<\/h3>\n\n\n\n<ul><li>Oftalmologista<\/li><li>Oncologista <\/li><li>Ortopedista e traumatologista<\/li><li>Otorrinolaringologista<\/li><li>Odontologia <\/li><\/ul>\n<\/div>\n\n\n\n<div class=\"wp-block-column\">\n<h3 style=\"text-align:center\">P<\/h3>\n\n\n\n<ul><li>Pediatra<\/li><li>Pneumologista<\/li><li>Psiquiatra <\/li><li>Psicologia<\/li><\/ul>\n<\/div>\n<\/div>\n\n\n\n<div class=\"wp-block-columns has-3-columns\">\n<div class=\"wp-block-column\">\n<h3 style=\"text-align:center\">R<\/h3>\n\n\n\n<ul><li>Radiologista<\/li><li>Reumatologista <\/li><\/ul>\n<\/div>\n\n\n\n<div class=\"wp-block-column\">\n<h3 style=\"text-align:center\">U<\/h3>\n\n\n\n<ul><li>Urologista<\/li><\/ul>\n<\/div>\n\n\n\n<div class=\"wp-block-column\"><\/div>\n<\/div>\n","protected":false},"excerpt":{"rendered":"<p>Possu\u00edmos parceiros nas mais diversas especialidades prontos para atender voc\u00ea! Confira abaixo quais s\u00e3o elas: A Acupunturista Alergista e imunologista Anatomopatologista Anestesiologista Angiologista C Cancerologista cir\u00fargico Cardiologista Cirurgi\u00e3o cardiovascular Cirurgi\u00e3o geral Cirurgi\u00e3o pedi\u00e1trico Cirurgi\u00e3o pl\u00e1stico Cirurgi\u00e3o vascular Cl\u00ednica m\u00e9dica Coloproctologista Cirurgi\u00e3o tor\u00e1cico Cirurgi\u00e3o do aparelho digestivo Cirurgi\u00e3o de cabe\u00e7a e pesco\u00e7o Cirurgia Bucomaxilofacial D Dermatologista [&hellip;]<\/p>\n","protected":false},"author":1,"featured_media":0,"parent":0,"menu_order":0,"comment_status":"closed","ping_status":"closed","template":"","meta":[],"acf":[],"_links":{"self":[{"href":"https:\/\/www.consultafacilthe.com.br\/site\/wp-json\/wp\/v2\/pages\/13"}],"collection":[{"href":"https:\/\/www.consultafacilthe.com.br\/site\/wp-json\/wp\/v2\/pages"}],"about":[{"href":"https:\/\/www.consultafacilthe.com.br\/site\/wp-json\/wp\/v2\/types\/page"}],"author":[{"embeddable":true,"href":"https:\/\/www.consultafacilthe.com.br\/site\/wp-json\/wp\/v2\/users\/1"}],"replies":[{"embeddable":true,"href":"https:\/\/www.consultafacilthe.com.br\/site\/wp-json\/wp\/v2\/comments?post=13"}],"version-history":[{"count":28,"href":"https:\/\/www.consultafacilthe.com.br\/site\/wp-json\/wp\/v2\/pages\/13\/revisions"}],"predecessor-version":[{"id":91,"href":"https:\/\/www.consultafacilthe.com.br\/site\/wp-json\/wp\/v2\/pages\/13\/revisions\/91"}],"wp:attachment":[{"href":"https:\/\/www.consultafacilthe.com.br\/site\/wp-json\/wp\/v2\/media?parent=13"}],"curies":[{"name":"wp","href":"https:\/\/api.w.org\/{rel}","templated":true}]}}