{"id":11,"date":"2019-02-24T06:37:16","date_gmt":"2019-02-24T09:37:16","guid":{"rendered":"http:\/\/www.consultafacilthe.com.br\/site\/?page_id=11"},"modified":"2019-03-04T22:48:52","modified_gmt":"2019-03-05T01:48:52","slug":"inicio","status":"publish","type":"page","link":"https:\/\/www.consultafacilthe.com.br\/site\/","title":{"rendered":"In\u00edcio"},"content":{"rendered":"\n<p><strong>Consulta F\u00e1cil<\/strong> \u00e9 um servi\u00e7o que conta com a parceria de cl\u00ednicas e profissionais para garantir pre\u00e7os acess\u00edveis a consultas e exames!<br> <br>Fa\u00e7a agora seu cadastro, <strong>\u00e9 gratuito<\/strong>!  <\/p>\n","protected":false},"excerpt":{"rendered":"<p>Consulta F\u00e1cil \u00e9 um servi\u00e7o que conta com a parceria de cl\u00ednicas e profissionais para garantir pre\u00e7os acess\u00edveis a consultas e exames! Fa\u00e7a agora seu cadastro, \u00e9 gratuito!<\/p>\n","protected":false},"author":1,"featured_media":0,"parent":0,"menu_order":0,"comment_status":"closed","ping_status":"closed","template":"","meta":[],"acf":[],"_links":{"self":[{"href":"https:\/\/www.consultafacilthe.com.br\/site\/wp-json\/wp\/v2\/pages\/11"}],"collection":[{"href":"https:\/\/www.consultafacilthe.com.br\/site\/wp-json\/wp\/v2\/pages"}],"about":[{"href":"https:\/\/www.consultafacilthe.com.br\/site\/wp-json\/wp\/v2\/types\/page"}],"author":[{"embeddable":true,"href":"https:\/\/www.consultafacilthe.com.br\/site\/wp-json\/wp\/v2\/users\/1"}],"replies":[{"embeddable":true,"href":"https:\/\/www.consultafacilthe.com.br\/site\/wp-json\/wp\/v2\/comments?post=11"}],"version-history":[{"count":6,"href":"https:\/\/www.consultafacilthe.com.br\/site\/wp-json\/wp\/v2\/pages\/11\/revisions"}],"predecessor-version":[{"id":31,"href":"https:\/\/www.consultafacilthe.com.br\/site\/wp-json\/wp\/v2\/pages\/11\/revisions\/31"}],"wp:attachment":[{"href":"https:\/\/www.consultafacilthe.com.br\/site\/wp-json\/wp\/v2\/media?parent=11"}],"curies":[{"name":"wp","href":"https:\/\/api.w.org\/{rel}","templated":true}]}}